{"id":425,"date":"2026-02-15T11:44:01","date_gmt":"2026-02-15T11:44:01","guid":{"rendered":"https:\/\/yeshyo.com\/?page_id=425"},"modified":"2026-02-15T11:44:02","modified_gmt":"2026-02-15T11:44:02","slug":"legal-notices","status":"publish","type":"page","link":"https:\/\/yeshyo.com\/ru\/legal-notices\/","title":{"rendered":"\u042e\u0440\u0438\u0434\u0438\u0447\u0435\u0441\u043a\u0430\u044f \u0438\u043d\u0444\u043e\u0440\u043c\u0430\u0446\u0438\u044f"},"content":{"rendered":"<div class=\"wp-block-group alignfull is-style-ext-preset--group--natural-1--section has-background-background-color has-background has-global-padding is-layout-constrained wp-container-core-group-is-layout-6150fac0 wp-block-group-is-layout-constrained\" style=\"margin-top:0;margin-bottom:0;padding-top:var(--wp--preset--spacing--70);padding-bottom:var(--wp--preset--spacing--70)\">\n<p><strong>\u0421\u0422\u0410\u0422\u042c\u042f 1. \u042e\u0420\u0418\u0414\u0418\u0427\u0415\u0421\u041a\u0410\u042f \u0418\u041d\u0424\u041e\u0420\u041c\u0410\u0426\u0418\u042f<\/strong><\/p>\n\n\n\n<p><br> <strong>\u0420\u0435\u0434\u0430\u043a\u0442\u043e\u0440 \u0441\u0430\u0439\u0442\u0430:<\/strong><br>Yeshyo (\u041a\u043e\u043c\u043f\u0430\u043d\u0438\u044f, \u0437\u0430\u0440\u0435\u0433\u0438\u0441\u0442\u0440\u0438\u0440\u043e\u0432\u0430\u043d\u043d\u0430\u044f \u0432 \u0422\u043e\u0440\u0433\u043e\u0432\u043e\u043c \u0440\u0435\u0435\u0441\u0442\u0440\u0435)<br>36, chemin du Maquis<br>74000, Annecy<br>France<br><br> <strong>\u041a\u043e\u043d\u0442\u0430\u043a\u0442\u043d\u044b\u0435 \u0434\u0430\u043d\u043d\u044b\u0435:<\/strong><br>\u0422\u0435\u043b\u0435\u0444\u043e\u043d: +33 7 78 42 79 78<br>\u042d\u043b\u0435\u043a\u0442\u0440\u043e\u043d\u043d\u0430\u044f \u043f\u043e\u0447\u0442\u0430: team@yeshyo.com<br>\u0412\u0435\u0431-\u0441\u0430\u0439\u0442: yeshyo.com<br><br> <strong>\u0417\u0430\u043a\u043e\u043d\u043d\u044b\u0439 \u043f\u0440\u0435\u0434\u0441\u0442\u0430\u0432\u0438\u0442\u0435\u043b\u044c:<\/strong><br>\u0422\u0435\u0440\u0438 \u042e\u0420\u0422\u0415\u041b\u0423 (Thery HURTELOUP)<br> (\u0414\u0438\u0440\u0435\u043a\u0442\u043e\u0440 \/ \u041f\u0440\u0435\u0437\u0438\u0434\u0435\u043d\u0442)<br><br> <strong>\u0418\u043d\u0444\u043e\u0440\u043c\u0430\u0446\u0438\u044f \u043e \u043a\u043e\u043c\u043f\u0430\u043d\u0438\u0438:<\/strong><br>RCS: 101 103 174 R.C.S. Annecy<br>SIREN : 101103174<br><br><\/p>\n\n\n\n<p><strong>\u0421\u0422\u0410\u0422\u042c\u042f 2. \u041d\u0410\u0417\u041d\u0410\u0427\u0415\u041d\u0418\u0415 \u0421\u0410\u0419\u0422\u0410<\/strong><\/p>\n\n\n\n<ul class=\"wp-block-list\">\n<li>\u041f\u0440\u0435\u0434\u0441\u0442\u0430\u0432\u043b\u044f\u0442\u044c, \u043f\u0440\u043e\u0434\u0432\u0438\u0433\u0430\u0442\u044c, \u0438\u043d\u0444\u043e\u0440\u043c\u0438\u0440\u043e\u0432\u0430\u0442\u044c \u0438 \u043f\u0440\u0435\u0434\u043b\u0430\u0433\u0430\u0442\u044c \u0443\u0441\u043b\u0443\u0433\u0438, \u043f\u0440\u0435\u0434\u043e\u0441\u0442\u0430\u0432\u043b\u044f\u0435\u043c\u044b\u0435 YESHYO, \u0432 \u0447\u0430\u0441\u0442\u043d\u043e\u0441\u0442\u0438 \u0432\u0435\u043b\u043e\u0441\u0438\u043f\u0435\u0434\u043d\u044b\u0435 \u0442\u0440\u0435\u043d\u0438\u0440\u043e\u0432\u043e\u0447\u043d\u044b\u0435 \u043b\u0430\u0433\u0435\u0440\u044f \u0438 \u0442\u0443\u0440\u044b, \u043e\u0440\u0433\u0430\u043d\u0438\u0437\u043e\u0432\u0430\u043d\u043d\u044b\u0435 \u0432\u043e \u0424\u0440\u0430\u043d\u0446\u0438\u0438 \u0438 \u0415\u0432\u0440\u043e\u043f\u0435 \u043a\u043e\u043c\u043f\u0430\u043d\u0438\u0435\u0439 YESHYO;<\/li>\n\n\n\n<li>\u041f\u0440\u0435\u0434\u043e\u0441\u0442\u0430\u0432\u043b\u044f\u0442\u044c \u043f\u0440\u0430\u043a\u0442\u0438\u0447\u0435\u0441\u043a\u0443\u044e \u0438\u043d\u0444\u043e\u0440\u043c\u0430\u0446\u0438\u044e;<\/li>\n\n\n\n<li>\u041e\u0431\u043b\u0435\u0433\u0447\u0430\u0442\u044c \u0441\u0432\u044f\u0437\u044c \u0441 YESHYO, \u0432 \u0447\u0430\u0441\u0442\u043d\u043e\u0441\u0442\u0438 \u0434\u043b\u044f \u0440\u0435\u0433\u0438\u0441\u0442\u0440\u0430\u0446\u0438\u0438 \u0443\u0447\u0430\u0441\u0442\u043d\u0438\u043a\u043e\u0432 \u043d\u0430 \u043e\u0434\u0438\u043d \u0438\u043b\u0438 \u043d\u0435\u0441\u043a\u043e\u043b\u044c\u043a\u043e \u0432\u0435\u043b\u043e\u0441\u0438\u043f\u0435\u0434\u043d\u044b\u0445 \u0442\u0440\u0435\u043d\u0438\u0440\u043e\u0432\u043e\u0447\u043d\u044b\u0445 \u043b\u0430\u0433\u0435\u0440\u0435\u0439 \u0438 \u0442\u0443\u0440\u043e\u0432, \u0430 \u0442\u0430\u043a\u0436\u0435 \u0434\u043b\u044f \u043f\u043e\u043a\u0443\u043f\u043a\u0438 \u0442\u043e\u0432\u0430\u0440\u043e\u0432, \u043f\u0440\u0435\u0434\u043b\u0430\u0433\u0430\u0435\u043c\u044b\u0445 YESHYO.<\/li>\n<\/ul>\n\n\n\n<p><strong>\u0421\u0422\u0410\u0422\u042c\u042f 3. \u0414\u041e\u0421\u0422\u0423\u041f \u0418 \u0418\u0421\u041f\u041e\u041b\u042c\u0417\u041e\u0412\u0410\u041d\u0418\u0415 \u0421\u0410\u0419\u0422\u0410<\/strong><\/p>\n\n\n\n<p>\u0414\u043e\u0441\u0442\u0443\u043f \u043a \u0441\u0430\u0439\u0442\u0443 \u0431\u0435\u0441\u043f\u043b\u0430\u0442\u043d\u044b\u0439 \u0434\u043b\u044f \u0432\u0441\u0435\u0445 \u043f\u043e\u043b\u044c\u0437\u043e\u0432\u0430\u0442\u0435\u043b\u0435\u0439, \u0438\u043c\u0435\u044e\u0449\u0438\u0445 \u043f\u043e\u0434\u043a\u043b\u044e\u0447\u0435\u043d\u0438\u0435 \u043a \u0438\u043d\u0442\u0435\u0440\u043d\u0435\u0442\u0443. \u0420\u0430\u0441\u0445\u043e\u0434\u044b, \u0441\u0432\u044f\u0437\u0430\u043d\u043d\u044b\u0435 \u0441 \u0434\u043e\u0441\u0442\u0443\u043f\u043e\u043c (\u043f\u043e\u0434\u043a\u043b\u044e\u0447\u0435\u043d\u0438\u0435, \u043e\u0431\u043e\u0440\u0443\u0434\u043e\u0432\u0430\u043d\u0438\u0435, \u043f\u0440\u043e\u0433\u0440\u0430\u043c\u043c\u043d\u043e\u0435 \u043e\u0431\u0435\u0441\u043f\u0435\u0447\u0435\u043d\u0438\u0435 \u0438 \u0442.\u0434.), \u043f\u043e\u043b\u043d\u043e\u0441\u0442\u044c\u044e \u043b\u043e\u0436\u0430\u0442\u0441\u044f \u043d\u0430 \u043f\u043e\u043b\u044c\u0437\u043e\u0432\u0430\u0442\u0435\u043b\u044f.<br>\u0421\u0430\u0439\u0442 \u043f\u0440\u0435\u0434\u043d\u0430\u0437\u043d\u0430\u0447\u0435\u043d \u0438\u0441\u043a\u043b\u044e\u0447\u0438\u0442\u0435\u043b\u044c\u043d\u043e \u0434\u043b\u044f \u043b\u0438\u0447\u043d\u043e\u0433\u043e \u0438\/\u0438\u043b\u0438 \u043f\u0440\u043e\u0444\u0435\u0441\u0441\u0438\u043e\u043d\u0430\u043b\u044c\u043d\u043e\u0433\u043e \u0438\u0441\u043f\u043e\u043b\u044c\u0437\u043e\u0432\u0430\u043d\u0438\u044f.<br>\u041b\u044e\u0431\u043e\u0435 \u0438\u0441\u043f\u043e\u043b\u044c\u0437\u043e\u0432\u0430\u043d\u0438\u0435 \u0432 \u043a\u043e\u043c\u043c\u0435\u0440\u0447\u0435\u0441\u043a\u0438\u0445 \u0438\u043b\u0438 \u0440\u0435\u043a\u043b\u0430\u043c\u043d\u044b\u0445 \u0446\u0435\u043b\u044f\u0445, \u0430 \u0442\u0430\u043a\u0436\u0435 \u043b\u044e\u0431\u043e\u0435 \u0438\u0441\u043f\u043e\u043b\u044c\u0437\u043e\u0432\u0430\u043d\u0438\u0435, \u043f\u0440\u043e\u0442\u0438\u0432\u043e\u0440\u0435\u0447\u0430\u0449\u0435\u0435 \u0434\u0435\u0439\u0441\u0442\u0432\u0443\u044e\u0449\u0435\u043c\u0443 \u0437\u0430\u043a\u043e\u043d\u043e\u0434\u0430\u0442\u0435\u043b\u044c\u0441\u0442\u0432\u0443, \u0437\u0430\u043f\u0440\u0435\u0449\u0435\u043d\u043e.<br>\u041b\u044e\u0431\u0430\u044f \u043f\u043e\u043f\u044b\u0442\u043a\u0430 \u043c\u043e\u0448\u0435\u043d\u043d\u0438\u0447\u0435\u0441\u043a\u043e\u0433\u043e \u0434\u043e\u0441\u0442\u0443\u043f\u0430 \u0438\u043b\u0438 \u043f\u0440\u0438\u0441\u0432\u043e\u0435\u043d\u0438\u044f \u043b\u0438\u0447\u043d\u043e\u0441\u0442\u0438 \u043d\u0430\u043a\u0430\u0437\u0443\u0435\u043c\u0430 \u0432 \u0441\u043e\u043e\u0442\u0432\u0435\u0442\u0441\u0442\u0432\u0438\u0438 \u0441\u043e \u0441\u0442\u0430\u0442\u044c\u044f\u043c\u0438 323-1 \u0438 \u043f\u043e\u0441\u043b\u0435\u0434\u0443\u044e\u0449\u0438\u043c\u0438 \u0423\u0433\u043e\u043b\u043e\u0432\u043d\u043e\u0433\u043e \u043a\u043e\u0434\u0435\u043a\u0441\u0430 \u0424\u0440\u0430\u043d\u0446\u0438\u0438.<\/p>\n\n\n\n<p><strong>\u0421\u0422\u0410\u0422\u042c\u042f 4. \u0412\u041d\u0423\u0422\u0420\u0415\u041d\u041d\u0415\u0415 \u0418\u0421\u041f\u041e\u041b\u042c\u0417\u041e\u0412\u0410\u041d\u0418\u0415 \u041a\u041e\u041d\u0422\u0415\u041d\u0422\u0410 \u0421\u0410\u0419\u0422\u0410<\/strong><\/p>\n\n\n\n<p>Yeshyo \u043f\u0440\u0438\u043b\u0430\u0433\u0430\u0435\u0442 \u0432\u0441\u0435 \u0443\u0441\u0438\u043b\u0438\u044f \u0434\u043b\u044f \u043e\u0431\u0435\u0441\u043f\u0435\u0447\u0435\u043d\u0438\u044f \u043d\u0430\u0434\u0435\u0436\u043d\u043e\u0441\u0442\u0438, \u0442\u043e\u0447\u043d\u043e\u0441\u0442\u0438 \u0438 \u0430\u043a\u0442\u0443\u0430\u043b\u044c\u043d\u043e\u0441\u0442\u0438 \u0438\u043d\u0444\u043e\u0440\u043c\u0430\u0446\u0438\u0438, \u043e\u043f\u0443\u0431\u043b\u0438\u043a\u043e\u0432\u0430\u043d\u043d\u043e\u0439 \u043d\u0430 \u0441\u0430\u0439\u0442\u0435. \u041a\u043e\u043d\u0442\u0435\u043d\u0442 (\u0442\u0435\u043a\u0441\u0442\u044b, \u0444\u043e\u0442\u043e\u0433\u0440\u0430\u0444\u0438\u0438, \u0446\u0435\u043d\u044b, \u0438\u0437\u043e\u0431\u0440\u0430\u0436\u0435\u043d\u0438\u044f, \u0432\u0438\u0434\u0435\u043e) \u043f\u0440\u0435\u0434\u043e\u0441\u0442\u0430\u0432\u043b\u044f\u0435\u0442\u0441\u044f \u0432 \u0438\u043d\u0444\u043e\u0440\u043c\u0430\u0446\u0438\u043e\u043d\u043d\u044b\u0445 \u0446\u0435\u043b\u044f\u0445 \u0438 \u043c\u043e\u0436\u0435\u0442 \u0431\u044b\u0442\u044c \u0438\u0437\u043c\u0435\u043d\u0435\u043d Yeshyo \u0431\u0435\u0437 \u043f\u0440\u0435\u0434\u0432\u0430\u0440\u0438\u0442\u0435\u043b\u044c\u043d\u043e\u0433\u043e \u0443\u0432\u0435\u0434\u043e\u043c\u043b\u0435\u043d\u0438\u044f. \u041a\u043e\u043d\u0442\u0435\u043d\u0442, \u0438\u043d\u0444\u043e\u0440\u043c\u0430\u0446\u0438\u044f \u0438 \u0444\u043e\u0442\u043e\u0433\u0440\u0430\u0444\u0438\u0438 \u043d\u0430 \u0441\u0430\u0439\u0442\u0435 \u043d\u0435 \u0438\u043c\u0435\u044e\u0442 \u0434\u043e\u0433\u043e\u0432\u043e\u0440\u043d\u043e\u0439 \u0441\u0438\u043b\u044b.<\/p>\n\n\n\n<p>\u0412 \u0446\u0435\u043b\u043e\u043c, Yeshyo \u043e\u0441\u0442\u0430\u0432\u043b\u044f\u0435\u0442 \u0437\u0430 \u0441\u043e\u0431\u043e\u0439 \u043f\u0440\u0430\u0432\u043e \u043f\u0435\u0440\u0435\u0441\u043c\u0430\u0442\u0440\u0438\u0432\u0430\u0442\u044c, \u0443\u0434\u0430\u043b\u044f\u0442\u044c, \u0438\u0437\u043c\u0435\u043d\u044f\u0442\u044c, \u0443\u0442\u0432\u0435\u0440\u0436\u0434\u0430\u0442\u044c \u0438\u043b\u0438 \u043c\u0435\u043d\u044f\u0442\u044c, \u043f\u043e\u043b\u043d\u043e\u0441\u0442\u044c\u044e \u0438\u043b\u0438 \u0447\u0430\u0441\u0442\u0438\u0447\u043d\u043e, \u043b\u044e\u0431\u043e\u0439 \u043a\u043e\u043d\u0442\u0435\u043d\u0442, \u043f\u0440\u0435\u0434\u0441\u0442\u0430\u0432\u043b\u0435\u043d\u043d\u044b\u0439 \u043d\u0430 \u0441\u0430\u0439\u0442\u0435 \u0438\u043b\u0438 \u043e\u0442\u043e\u0431\u0440\u0430\u0436\u0430\u0435\u043c\u044b\u0439 \u043d\u0430 \u043d\u0435\u043c.<\/p>\n\n\n\n<p><strong>\u0421\u0422\u0410\u0422\u042c\u042f 5. \u0412\u041d\u0415\u0428\u041d\u0418\u0415 \u0421\u0421\u042b\u041b\u041a\u0418 \u0418 \u0417\u0410\u0413\u0420\u0423\u0417\u041a\u0418<\/strong><\/p>\n\n\n\n<p>\u041d\u0430\u0441\u0442\u043e\u044f\u0449\u0438\u0439 \u0432\u0435\u0431-\u0441\u0430\u0439\u0442 \u043c\u043e\u0436\u0435\u0442 \u0441\u043e\u0434\u0435\u0440\u0436\u0430\u0442\u044c \u0433\u0438\u043f\u0435\u0440\u0441\u0441\u044b\u043b\u043a\u0438 \u043d\u0430 \u0434\u0440\u0443\u0433\u0438\u0435 \u0432\u043d\u0435\u0448\u043d\u0438\u0435 \u0432\u0435\u0431-\u0441\u0430\u0439\u0442\u044b, \u043d\u0435 \u0443\u043f\u0440\u0430\u0432\u043b\u044f\u0435\u043c\u044b\u0435 Yeshyo. Yeshyo \u043d\u0435 \u043e\u0441\u0443\u0449\u0435\u0441\u0442\u0432\u043b\u044f\u0435\u0442 \u043a\u043e\u043d\u0442\u0440\u043e\u043b\u044c \u043d\u0430\u0434 \u044d\u0442\u0438\u043c\u0438 \u0441\u0430\u0439\u0442\u0430\u043c\u0438 \u0438 \u043d\u0435 \u043d\u0435\u0441\u0435\u0442 \u043e\u0442\u0432\u0435\u0442\u0441\u0442\u0432\u0435\u043d\u043d\u043e\u0441\u0442\u0438 \u0437\u0430 \u0438\u0445 \u043a\u043e\u043d\u0442\u0435\u043d\u0442, \u0430 \u0442\u0430\u043a\u0436\u0435 \u0437\u0430 \u0443\u0431\u044b\u0442\u043a\u0438 \u0438\u043b\u0438 \u0443\u0449\u0435\u0440\u0431, \u0432\u043e\u0437\u043d\u0438\u043a\u0448\u0438\u0435 \u0432 \u0440\u0435\u0437\u0443\u043b\u044c\u0442\u0430\u0442\u0435 \u0438\u0445 \u0438\u0441\u043f\u043e\u043b\u044c\u0437\u043e\u0432\u0430\u043d\u0438\u044f.<\/p>\n\n\n\n<p>\u0418\u0441\u043f\u043e\u043b\u044c\u0437\u043e\u0432\u0430\u043d\u0438\u0435 \u044d\u0442\u0438\u0445 \u0441\u0430\u0439\u0442\u043e\u0432 \u043e\u0441\u0443\u0449\u0435\u0441\u0442\u0432\u043b\u044f\u0435\u0442\u0441\u044f \u043d\u0430 \u043f\u043e\u043b\u043d\u0443\u044e \u043e\u0442\u0432\u0435\u0442\u0441\u0442\u0432\u0435\u043d\u043d\u043e\u0441\u0442\u044c \u043f\u043e\u043b\u044c\u0437\u043e\u0432\u0430\u0442\u0435\u043b\u044f (\u043a\u043e\u0442\u043e\u0440\u044b\u0439 \u0441\u0430\u043c\u043e\u0441\u0442\u043e\u044f\u0442\u0435\u043b\u044c\u043d\u043e \u043d\u0435\u0441\u0435\u0442 \u0432\u0441\u0435 \u0432\u043e\u0437\u043c\u043e\u0436\u043d\u044b\u0435 \u0440\u0438\u0441\u043a\u0438) \u0438 \u0440\u0435\u0433\u0443\u043b\u0438\u0440\u0443\u0435\u0442\u0441\u044f \u0443\u0441\u043b\u043e\u0432\u0438\u044f\u043c\u0438 \u0438\u0441\u043f\u043e\u043b\u044c\u0437\u043e\u0432\u0430\u043d\u0438\u044f \u0438 \u043e\u0431\u0441\u043b\u0443\u0436\u0438\u0432\u0430\u043d\u0438\u044f \u043a\u0430\u0436\u0434\u043e\u0433\u043e \u043a\u043e\u043d\u043a\u0440\u0435\u0442\u043d\u043e\u0433\u043e \u0441\u0430\u0439\u0442\u0430.<\/p>\n\n\n\n<p><strong>\u0421\u0422\u0410\u0422\u042c\u042f 6. \u0418\u041d\u0422\u0415\u041b\u041b\u0415\u041a\u0422\u0423\u0410\u041b\u042c\u041d\u0410\u042f \u0421\u041e\u0411\u0421\u0422\u0412\u0415\u041d\u041d\u041e\u0421\u0422\u042c<\/strong><\/p>\n\n\n\n<p>\u0412\u0435\u0431-\u0441\u0430\u0439\u0442 \u0438 \u0432\u0435\u0441\u044c \u0435\u0433\u043e \u043a\u043e\u043d\u0442\u0435\u043d\u0442 \u0437\u0430\u0449\u0438\u0449\u0435\u043d\u044b \u043f\u043e\u043b\u043e\u0436\u0435\u043d\u0438\u044f\u043c\u0438 \u0424\u0440\u0430\u043d\u0446\u0443\u0437\u0441\u043a\u043e\u0433\u043e \u043a\u043e\u0434\u0435\u043a\u0441\u0430 \u043e\u0431 \u0438\u043d\u0442\u0435\u043b\u043b\u0435\u043a\u0442\u0443\u0430\u043b\u044c\u043d\u043e\u0439 \u0441\u043e\u0431\u0441\u0442\u0432\u0435\u043d\u043d\u043e\u0441\u0442\u0438. \u0412 \u0447\u0430\u0441\u0442\u043d\u043e\u0441\u0442\u0438, \u0437\u0430\u0449\u0438\u0449\u0435\u043d\u044b: \u043e\u0431\u0449\u0430\u044f \u0441\u0442\u0440\u0443\u043a\u0442\u0443\u0440\u0430, \u0442\u0435\u043a\u0441\u0442\u044b, \u0433\u0440\u0430\u0444\u0438\u0447\u0435\u0441\u043a\u0438\u0435 \u044d\u043b\u0435\u043c\u0435\u043d\u0442\u044b, \u043b\u043e\u0433\u043e\u0442\u0438\u043f\u044b, \u0438\u0437\u043e\u0431\u0440\u0430\u0436\u0435\u043d\u0438\u044f, \u0432\u0438\u0434\u0435\u043e, \u0437\u043d\u0430\u0447\u043a\u0438, \u0437\u0432\u0443\u043a\u0438, \u043f\u0440\u043e\u0433\u0440\u0430\u043c\u043c\u043d\u043e\u0435 \u043e\u0431\u0435\u0441\u043f\u0435\u0447\u0435\u043d\u0438\u0435, \u0431\u0430\u0437\u044b \u0434\u0430\u043d\u043d\u044b\u0445, \u043a\u043e\u043d\u0442\u0435\u043d\u0442 \u0438 \u0442.\u0434.<\/p>\n\n\n\n<p>\u042d\u0442\u0438 \u044d\u043b\u0435\u043c\u0435\u043d\u0442\u044b \u044f\u0432\u043b\u044f\u044e\u0442\u0441\u044f \u0438\u0441\u043a\u043b\u044e\u0447\u0438\u0442\u0435\u043b\u044c\u043d\u043e\u0439 \u0441\u043e\u0431\u0441\u0442\u0432\u0435\u043d\u043d\u043e\u0441\u0442\u044c\u044e Yeshyo \u0438\u043b\u0438 \u0435\u0435 \u043f\u0430\u0440\u0442\u043d\u0435\u0440\u043e\u0432, \u0440\u0430\u0437\u0440\u0435\u0448\u0438\u0432\u0448\u0438\u0445 \u0438\u0445 \u0438\u0441\u043f\u043e\u043b\u044c\u0437\u043e\u0432\u0430\u043d\u0438\u0435.<\/p>\n\n\n\n<p>\u041b\u044e\u0431\u043e\u0435 \u0432\u043e\u0441\u043f\u0440\u043e\u0438\u0437\u0432\u0435\u0434\u0435\u043d\u0438\u0435, \u043f\u0440\u0435\u0434\u0441\u0442\u0430\u0432\u043b\u0435\u043d\u0438\u0435, \u0440\u0430\u0441\u043f\u0440\u043e\u0441\u0442\u0440\u0430\u043d\u0435\u043d\u0438\u0435 \u0438\u043b\u0438 \u0430\u0434\u0430\u043f\u0442\u0430\u0446\u0438\u044f, \u043f\u043e\u043b\u043d\u0430\u044f \u0438\u043b\u0438 \u0447\u0430\u0441\u0442\u0438\u0447\u043d\u0430\u044f, \u0431\u0435\u0437 \u043f\u0440\u0435\u0434\u0432\u0430\u0440\u0438\u0442\u0435\u043b\u044c\u043d\u043e\u0433\u043e \u043f\u0438\u0441\u044c\u043c\u0435\u043d\u043d\u043e\u0433\u043e \u0440\u0430\u0437\u0440\u0435\u0448\u0435\u043d\u0438\u044f, \u0437\u0430\u043f\u0440\u0435\u0449\u0435\u043d\u044b.<\/p>\n\n\n\n<p><strong>\u0421\u0422\u0410\u0422\u042c\u042f 7. \u0424\u041e\u0422\u041e\u041a\u0420\u0415\u0414\u0418\u0422\u042b<\/strong><\/p>\n\n\n\n<ul class=\"wp-block-list\">\n<li><a href=\"https:\/\/tristantakephoto.com\/\">https:\/\/tristantakephoto.com\/<\/a><\/li>\n\n\n\n<li><a href=\"https:\/\/www.pexels.com\/fr-fr\/\">https:\/\/www.pexels.com\/fr-fr\/<\/a><\/li>\n<\/ul>\n\n\n\n<p><strong>\u0421\u0422\u0410\u0422\u042c\u042f 8. \u041f\u041e\u041b\u0418\u0422\u0418\u041a\u0410 \u041a\u041e\u041d\u0424\u0418\u0414\u0415\u041d\u0426\u0418\u0410\u041b\u042c\u041d\u041e\u0421\u0422\u0418 \u0418 \u0417\u0410\u0429\u0418\u0422\u042b \u041f\u0415\u0420\u0421\u041e\u041d\u0410\u041b\u042c\u041d\u042b\u0425 \u0414\u0410\u041d\u041d\u042b\u0425<\/strong><\/p>\n\n\n\n<p>\u0412 \u0440\u0430\u043c\u043a\u0430\u0445 \u0432\u0430\u0448\u0435\u0433\u043e \u0432\u0437\u0430\u0438\u043c\u043e\u0434\u0435\u0439\u0441\u0442\u0432\u0438\u044f \u0441 YESHYO, \u0430 \u0442\u0430\u043a\u0436\u0435 \u043f\u0440\u0438 \u0438\u0441\u043f\u043e\u043b\u044c\u0437\u043e\u0432\u0430\u043d\u0438\u0438 \u0434\u0430\u043d\u043d\u043e\u0433\u043e \u0432\u0435\u0431-\u0441\u0430\u0439\u0442\u0430, \u0432\u0430\u0448\u0438 \u043f\u0435\u0440\u0441\u043e\u043d\u0430\u043b\u044c\u043d\u044b\u0435 \u0434\u0430\u043d\u043d\u044b\u0435 \u043e\u0431\u0440\u0430\u0431\u0430\u0442\u044b\u0432\u0430\u044e\u0442\u0441\u044f \u0432 \u0441\u043e\u043e\u0442\u0432\u0435\u0442\u0441\u0442\u0432\u0438\u0438 \u0441 \u043d\u0430\u0448\u0435\u0439 \u041f\u043e\u043b\u0438\u0442\u0438\u043a\u043e\u0439 \u043a\u043e\u043d\u0444\u0438\u0434\u0435\u043d\u0446\u0438\u0430\u043b\u044c\u043d\u043e\u0441\u0442\u0438 \u0438 \u0437\u0430\u0449\u0438\u0442\u044b \u043f\u0435\u0440\u0441\u043e\u043d\u0430\u043b\u044c\u043d\u044b\u0445 \u0434\u0430\u043d\u043d\u044b\u0445, \u0434\u043e\u0441\u0442\u0443\u043f\u043d\u043e\u0439 \u043f\u043e \u0441\u043b\u0435\u0434\u0443\u044e\u0449\u0435\u0439 \u0441\u0441\u044b\u043b\u043a\u0435:<\/p>\n\n\n\n<p><a href=\"https:\/\/yeshyo.com\/ru\/?page_id=3\"><strong>yeshyo.com\/privacy-policy<\/strong><\/a><\/p>\n\n\n\n<p><strong>\u0421\u0422\u0410\u0422\u042c\u042f 9. \u0418\u0421\u041f\u041e\u041b\u042c\u0417\u041e\u0412\u0410\u041d\u0418\u0415 COOKIES<\/strong><\/p>\n\n\n\n<p>\u0412\u0435\u0431-\u0441\u0430\u0439\u0442 \u043c\u043e\u0436\u0435\u0442 \u0438\u0441\u043f\u043e\u043b\u044c\u0437\u043e\u0432\u0430\u0442\u044c cookies \u0438 \u0434\u0440\u0443\u0433\u0438\u0435 \u0442\u0440\u0435\u043a\u0435\u0440\u044b \u0434\u043b\u044f \u0443\u043b\u0443\u0447\u0448\u0435\u043d\u0438\u044f \u043f\u043e\u043b\u044c\u0437\u043e\u0432\u0430\u0442\u0435\u043b\u044c\u0441\u043a\u043e\u0433\u043e \u043e\u043f\u044b\u0442\u0430, \u0438\u0437\u043c\u0435\u0440\u0435\u043d\u0438\u044f \u0430\u0443\u0434\u0438\u0442\u043e\u0440\u0438\u0438 \u0438 \u043f\u0440\u0435\u0434\u043e\u0441\u0442\u0430\u0432\u043b\u0435\u043d\u0438\u044f \u043f\u0435\u0440\u0441\u043e\u043d\u0430\u043b\u0438\u0437\u0438\u0440\u043e\u0432\u0430\u043d\u043d\u043e\u0433\u043e \u043a\u043e\u043d\u0442\u0435\u043d\u0442\u0430.<\/p>\n\n\n\n<p>\u041f\u043e\u043b\u044c\u0437\u043e\u0432\u0430\u0442\u0435\u043b\u0438 \u043c\u043e\u0433\u0443\u0442 \u0443\u043f\u0440\u0430\u0432\u043b\u044f\u0442\u044c \u0441\u0432\u043e\u0438\u043c\u0438 \u043f\u0440\u0435\u0434\u043f\u043e\u0447\u0442\u0435\u043d\u0438\u044f\u043c\u0438 \u0447\u0435\u0440\u0435\u0437 \u0438\u043d\u0444\u043e\u0440\u043c\u0430\u0446\u0438\u043e\u043d\u043d\u043e\u0435 \u043e\u043a\u043d\u043e \u0438\/\u0438\u043b\u0438 \u043d\u0430\u0441\u0442\u0440\u043e\u0439\u043a\u0438 \u0441\u0432\u043e\u0435\u0433\u043e \u0431\u0440\u0430\u0443\u0437\u0435\u0440\u0430.<\/p>\n\n\n\n<p>\u0414\u043b\u044f \u043f\u043e\u043b\u0443\u0447\u0435\u043d\u0438\u044f \u0434\u043e\u043f\u043e\u043b\u043d\u0438\u0442\u0435\u043b\u044c\u043d\u043e\u0439 \u0438\u043d\u0444\u043e\u0440\u043c\u0430\u0446\u0438\u0438, \u043f\u043e\u0436\u0430\u043b\u0443\u0439\u0441\u0442\u0430, \u043e\u0437\u043d\u0430\u043a\u043e\u043c\u044c\u0442\u0435\u0441\u044c \u0441 \u043d\u0430\u0448\u0435\u0439 \u043f\u043e\u043b\u0438\u0442\u0438\u043a\u043e\u0439 \u0438\u0441\u043f\u043e\u043b\u044c\u0437\u043e\u0432\u0430\u043d\u0438\u044f cookies, \u0434\u043e\u0441\u0442\u0443\u043f\u043d\u043e\u0439 \u043f\u043e \u0441\u043b\u0435\u0434\u0443\u044e\u0449\u0435\u0439 \u0441\u0441\u044b\u043b\u043a\u0435:<\/p>\n\n\n\n<p><a href=\"https:\/\/yeshyo.com\/ru\/?page_id=3\"><strong>yeshyo.com\/privacy-policy<\/strong><\/a><br><br><br><br><br><br> <strong>\u041f\u043e\u0441\u043b\u0435\u0434\u043d\u0435\u0435 \u043e\u0431\u043d\u043e\u0432\u043b\u0435\u043d\u0438\u0435:<\/strong><br>15.02.2026<\/p>\n<\/div>\n\n\n\n<p><\/p>\n\n\n\n<p><\/p>","protected":false},"excerpt":{"rendered":"<p>ARTICLE 1. NOTE LEGALE\/ \u00c9diteur du site:Yeshyo (Entreprise enregistr\u00e9e au registre du commerce et des soci\u00e9t\u00e9s)36, chemin du Maquis74000, AnnecyFrance Coordonn\u00e9es:T\u00e9l\u00e9phone: +33 7 78 42 79 78E-mail: team@yeshyo.comSite web: yeshyo.com Repr\u00e9sentant l\u00e9gal:Thery HURTELOUP (G\u00e9rant \/ Pr\u00e9sident \/ Directeur) Informations sur l\u2019entreprise:RCS: 101 103 174 R.C.S. AnnecySIREN : 101103174 ARTICLE 2. OBJET DU SITE\/ ARTICLE 3. [&hellip;]<\/p>\n","protected":false},"author":1,"featured_media":0,"parent":0,"menu_order":0,"comment_status":"closed","ping_status":"closed","template":"page-with-title","meta":{"footnotes":""},"class_list":["post-425","page","type-page","status-publish","hentry"],"_links":{"self":[{"href":"https:\/\/yeshyo.com\/ru\/wp-json\/wp\/v2\/pages\/425","targetHints":{"allow":["GET"]}}],"collection":[{"href":"https:\/\/yeshyo.com\/ru\/wp-json\/wp\/v2\/pages"}],"about":[{"href":"https:\/\/yeshyo.com\/ru\/wp-json\/wp\/v2\/types\/page"}],"author":[{"embeddable":true,"href":"https:\/\/yeshyo.com\/ru\/wp-json\/wp\/v2\/users\/1"}],"replies":[{"embeddable":true,"href":"https:\/\/yeshyo.com\/ru\/wp-json\/wp\/v2\/comments?post=425"}],"version-history":[{"count":58,"href":"https:\/\/yeshyo.com\/ru\/wp-json\/wp\/v2\/pages\/425\/revisions"}],"predecessor-version":[{"id":485,"href":"https:\/\/yeshyo.com\/ru\/wp-json\/wp\/v2\/pages\/425\/revisions\/485"}],"wp:attachment":[{"href":"https:\/\/yeshyo.com\/ru\/wp-json\/wp\/v2\/media?parent=425"}],"curies":[{"name":"wp","href":"https:\/\/api.w.org\/{rel}","templated":true}]}}