{"id":344,"date":"2026-02-13T21:10:25","date_gmt":"2026-02-13T21:10:25","guid":{"rendered":"https:\/\/yeshyo.com\/?page_id=344"},"modified":"2026-02-13T21:20:20","modified_gmt":"2026-02-13T21:20:20","slug":"options","status":"publish","type":"page","link":"https:\/\/yeshyo.com\/ru\/options\/","title":{"rendered":"Options"},"content":{"rendered":"<div class=\"wp-block-group alignfull is-style-ext-preset--group--natural-1--section has-tertiary-background-color has-background has-global-padding is-layout-constrained wp-container-core-group-is-layout-e955bbaf wp-block-group-is-layout-constrained\" style=\"margin-top:0;margin-bottom:0;padding-top:var(--wp--preset--spacing--70);padding-bottom:var(--wp--preset--spacing--70)\">\n<div class=\"wp-block-group alignwide is-vertical is-layout-flex wp-container-core-group-is-layout-c35747d5 wp-block-group-is-layout-flex\">\n<div class=\"wp-block-group has-global-padding is-layout-constrained wp-container-core-group-is-layout-5e05634a wp-block-group-is-layout-constrained\">\n<h2 class=\"wp-block-heading\">\u0412\u0430\u0440\u0438\u0430\u043d\u0442\u044b \u0440\u0430\u0437\u043c\u0435\u0449\u0435\u043d\u0438\u044f, \u0434\u043e\u0441\u0442\u0443\u043f\u043d\u044b\u0435 \u0434\u043b\u044f \u0432\u0430\u0448\u0435\u0433\u043e \u043f\u0440\u0435\u0431\u044b\u0432\u0430\u043d\u0438\u044f.<\/h2>\n\n\n\n<p class=\"has-text-align-left\">\u0423\u0436\u0435 \u0432\u043a\u043b\u044e\u0447\u0435\u043d\u043e \u0432 <strong>PREMIUM<\/strong><\/p>\n<\/div>\n<\/div>\n\n\n\n<div class=\"wp-block-columns alignwide is-layout-flex wp-container-core-columns-is-layout-08c01c1c wp-block-columns-is-layout-flex\">\n<div class=\"wp-block-column is-vertically-aligned-stretch is-layout-flow wp-container-core-column-is-layout-119bc444 wp-block-column-is-layout-flow\">\n<div class=\"wp-block-media-text is-stacked-on-mobile is-image-fill-element is-style-ext-preset--media-text--natural-1--card-1 has-tertiary-background-color has-background is-style-ext-preset--media-text--natural-1--card-1--2\"><figure class=\"wp-block-media-text__media\"><img loading=\"lazy\" decoding=\"async\" width=\"730\" height=\"487\" src=\"https:\/\/yeshyo.com\/wp-content\/uploads\/2026\/02\/Specialized-Tarmac-SL8-long-term-review-52.png\" alt=\"\" class=\"wp-image-386 size-full\" style=\"object-position:50% 50%\" srcset=\"https:\/\/yeshyo.com\/wp-content\/uploads\/2026\/02\/Specialized-Tarmac-SL8-long-term-review-52.png 730w, https:\/\/yeshyo.com\/wp-content\/uploads\/2026\/02\/Specialized-Tarmac-SL8-long-term-review-52-300x200.png 300w, https:\/\/yeshyo.com\/wp-content\/uploads\/2026\/02\/Specialized-Tarmac-SL8-long-term-review-52-18x12.png 18w\" sizes=\"auto, (max-width: 730px) 100vw, 730px\" \/><\/figure><div class=\"wp-block-media-text__content\">\n<div class=\"wp-block-group is-style-default has-global-padding is-layout-constrained wp-container-core-group-is-layout-9a7b35d3 wp-block-group-is-layout-constrained\" style=\"padding-top:var(--wp--preset--spacing--40);padding-right:var(--wp--preset--spacing--30);padding-bottom:var(--wp--preset--spacing--40);padding-left:var(--wp--preset--spacing--30)\">\n<h3 class=\"wp-block-heading\" style=\"font-size:clamp(15.747px, 0.984rem + ((1vw - 3.2px) * 0.86), 24px);\">\u041f\u0440\u043e\u043a\u0430\u0442 \u0432\u0435\u043b\u043e\u0441\u0438\u043f\u0435\u0434\u043e\u0432<\/h3>\n\n\n\n<p>\u041f\u0440\u0435\u0434\u043e\u0441\u0442\u0430\u0432\u043b\u0435\u043d\u043e \u043d\u0430\u0448\u0438\u043c\u0438 \u043c\u0435\u0441\u0442\u043d\u044b\u043c\u0438 \u043f\u0430\u0440\u0442\u043d\u0435\u0440\u0430\u043c\u0438.<\/p>\n<\/div>\n<\/div><\/div>\n<\/div>\n\n\n\n<div class=\"wp-block-column is-vertically-aligned-stretch is-layout-flow wp-container-core-column-is-layout-119bc444 wp-block-column-is-layout-flow\">\n<div class=\"wp-block-media-text is-stacked-on-mobile is-image-fill-element is-style-ext-preset--media-text--natural-1--card-1 has-tertiary-background-color has-background is-style-ext-preset--media-text--natural-1--card-1--3\"><figure class=\"wp-block-media-text__media\"><img loading=\"lazy\" decoding=\"async\" width=\"1024\" height=\"592\" src=\"https:\/\/yeshyo.com\/wp-content\/uploads\/2026\/02\/MyImageGPT_F248547_464433-1024x592.jpg\" alt=\"\" class=\"wp-image-388 size-full\" style=\"object-position:50% 50%\" srcset=\"https:\/\/yeshyo.com\/wp-content\/uploads\/2026\/02\/MyImageGPT_F248547_464433-1024x592.jpg 1024w, https:\/\/yeshyo.com\/wp-content\/uploads\/2026\/02\/MyImageGPT_F248547_464433-300x173.jpg 300w, https:\/\/yeshyo.com\/wp-content\/uploads\/2026\/02\/MyImageGPT_F248547_464433-768x444.jpg 768w, https:\/\/yeshyo.com\/wp-content\/uploads\/2026\/02\/MyImageGPT_F248547_464433-18x10.jpg 18w, https:\/\/yeshyo.com\/wp-content\/uploads\/2026\/02\/MyImageGPT_F248547_464433.jpg 1440w\" sizes=\"auto, (max-width: 1024px) 100vw, 1024px\" \/><\/figure><div class=\"wp-block-media-text__content\">\n<div class=\"wp-block-group is-style-default has-global-padding is-layout-constrained wp-container-core-group-is-layout-9a7b35d3 wp-block-group-is-layout-constrained\" style=\"padding-top:var(--wp--preset--spacing--40);padding-right:var(--wp--preset--spacing--30);padding-bottom:var(--wp--preset--spacing--40);padding-left:var(--wp--preset--spacing--30)\">\n<h3 class=\"wp-block-heading\" style=\"font-size:clamp(15.747px, 0.984rem + ((1vw - 3.2px) * 0.86), 24px);\">\u041a\u043e\u0443\u0447\u0438\u043d\u0433 \u0434\u043e \/ \u043f\u043e\u0441\u043b\u0435 \u0441\u0431\u043e\u0440\u044b<\/h3>\n\n\n\n<p class=\"has-small-font-size\">\u0414\u0432\u0443\u0445\u043c\u0435\u0441\u044f\u0447\u043d\u0430\u044f \u043f\u0440\u043e\u0433\u0440\u0430\u043c\u043c\u0430 \u0442\u0440\u0435\u043d\u0438\u0440\u043e\u0432\u043e\u043a \u0441 \u043f\u043e\u0441\u043b\u0435\u0434\u0443\u044e\u0449\u0438\u043c \u0441\u043e\u043f\u0440\u043e\u0432\u043e\u0436\u0434\u0435\u043d\u0438\u0435\u043c \u043d\u0430\u0448\u0438\u0445 \u0441\u0435\u0440\u0442\u0438\u0444\u0438\u0446\u0438\u0440\u043e\u0432\u0430\u043d\u043d\u044b\u0445 \u0442\u0440\u0435\u043d\u0435\u0440\u043e\u0432.<\/p>\n<\/div>\n<\/div><\/div>\n<\/div>\n<\/div>\n\n\n\n<div class=\"wp-block-columns alignwide is-layout-flex wp-container-core-columns-is-layout-967d05ff wp-block-columns-is-layout-flex\" style=\"margin-top:var(--wp--preset--spacing--40)\">\n<div class=\"wp-block-column is-vertically-aligned-stretch is-layout-flow wp-container-core-column-is-layout-119bc444 wp-block-column-is-layout-flow\">\n<div class=\"wp-block-media-text is-stacked-on-mobile is-image-fill-element is-style-ext-preset--media-text--natural-1--card-1 has-tertiary-background-color has-background is-style-ext-preset--media-text--natural-1--card-1--4\"><figure class=\"wp-block-media-text__media\"><img loading=\"lazy\" decoding=\"async\" width=\"1024\" height=\"683\" src=\"https:\/\/yeshyo.com\/wp-content\/uploads\/2026\/02\/pexels-gustavo-fring-5888064-1024x683.jpg\" alt=\"\" class=\"wp-image-363 size-full\" style=\"object-position:50% 50%\" srcset=\"https:\/\/yeshyo.com\/wp-content\/uploads\/2026\/02\/pexels-gustavo-fring-5888064-1024x683.jpg 1024w, https:\/\/yeshyo.com\/wp-content\/uploads\/2026\/02\/pexels-gustavo-fring-5888064-300x200.jpg 300w, https:\/\/yeshyo.com\/wp-content\/uploads\/2026\/02\/pexels-gustavo-fring-5888064-768x512.jpg 768w, https:\/\/yeshyo.com\/wp-content\/uploads\/2026\/02\/pexels-gustavo-fring-5888064-1536x1024.jpg 1536w, https:\/\/yeshyo.com\/wp-content\/uploads\/2026\/02\/pexels-gustavo-fring-5888064-2048x1365.jpg 2048w, https:\/\/yeshyo.com\/wp-content\/uploads\/2026\/02\/pexels-gustavo-fring-5888064-18x12.jpg 18w\" sizes=\"auto, (max-width: 1024px) 100vw, 1024px\" \/><\/figure><div class=\"wp-block-media-text__content\">\n<div class=\"wp-block-group is-style-default has-global-padding is-layout-constrained wp-container-core-group-is-layout-9a7b35d3 wp-block-group-is-layout-constrained\" style=\"padding-top:var(--wp--preset--spacing--40);padding-right:var(--wp--preset--spacing--30);padding-bottom:var(--wp--preset--spacing--40);padding-left:var(--wp--preset--spacing--30)\">\n<h3 class=\"wp-block-heading\" style=\"font-size:clamp(15.747px, 0.984rem + ((1vw - 3.2px) * 0.86), 24px);\">\u041c\u0430\u0441\u0441\u0430\u0436\u043d\u044b\u0435 \u0438 \u0432\u043e\u0441\u0441\u0442\u0430\u043d\u043e\u0432\u0438\u0442\u0435\u043b\u044c\u043d\u044b\u0435 \u0441\u0440\u0435\u0434\u0441\u0442\u0432\u0430<\/h3>\n\n\n\n<p class=\"has-small-font-size\">\u041a\u043e\u043c\u043f\u0440\u0435\u0441\u0441\u0438\u043e\u043d\u043d\u044b\u0435 \u0441\u0430\u043f\u043e\u0433\u0438, \u043c\u0430\u0441\u0441\u0430\u0436\u043d\u044b\u0439 \u043f\u0438\u0441\u0442\u043e\u043b\u0435\u0442 \u0438 \u0442.\u0434.<\/p>\n<\/div>\n<\/div><\/div>\n<\/div>\n\n\n\n<div class=\"wp-block-column is-vertically-aligned-stretch is-layout-flow wp-container-core-column-is-layout-119bc444 wp-block-column-is-layout-flow\">\n<div class=\"wp-block-media-text is-stacked-on-mobile is-image-fill-element is-style-ext-preset--media-text--natural-1--card-1 has-tertiary-background-color has-background is-style-ext-preset--media-text--natural-1--card-1--5\"><figure class=\"wp-block-media-text__media\"><img loading=\"lazy\" decoding=\"async\" width=\"640\" height=\"640\" src=\"https:\/\/yeshyo.com\/wp-content\/uploads\/2026\/02\/c14a9490-7467-430e-9a53-80f9023ab125.png\" alt=\"\" class=\"wp-image-390 size-full\" style=\"object-position:50% 50%\" srcset=\"https:\/\/yeshyo.com\/wp-content\/uploads\/2026\/02\/c14a9490-7467-430e-9a53-80f9023ab125.png 640w, https:\/\/yeshyo.com\/wp-content\/uploads\/2026\/02\/c14a9490-7467-430e-9a53-80f9023ab125-300x300.png 300w, https:\/\/yeshyo.com\/wp-content\/uploads\/2026\/02\/c14a9490-7467-430e-9a53-80f9023ab125-150x150.png 150w, https:\/\/yeshyo.com\/wp-content\/uploads\/2026\/02\/c14a9490-7467-430e-9a53-80f9023ab125-12x12.png 12w\" sizes=\"auto, (max-width: 640px) 100vw, 640px\" \/><\/figure><div class=\"wp-block-media-text__content\">\n<div class=\"wp-block-group is-style-default has-global-padding is-layout-constrained wp-container-core-group-is-layout-9a7b35d3 wp-block-group-is-layout-constrained\" style=\"padding-top:var(--wp--preset--spacing--40);padding-right:var(--wp--preset--spacing--30);padding-bottom:var(--wp--preset--spacing--40);padding-left:var(--wp--preset--spacing--30)\">\n<h3 class=\"wp-block-heading\" style=\"font-size:clamp(15.747px, 0.984rem + ((1vw - 3.2px) * 0.86), 24px);\">\u041f\u0440\u0430\u0447\u0435\u0447\u043d\u0430\u044f<\/h3>\n\n\n\n<p class=\"has-small-font-size\">\u0415\u0436\u0435\u0434\u043d\u0435\u0432\u043d\u0430\u044f \u0447\u0438\u0441\u0442\u043a\u0430 \u0432\u0435\u043b\u043e\u0441\u0438\u043f\u0435\u0434\u043d\u043e\u0439 \u0438 \u0433\u0440\u0430\u0436\u0434\u0430\u043d\u0441\u043a\u043e\u0439 \u043e\u0434\u0435\u0436\u0434\u044b.<\/p>\n<\/div>\n<\/div><\/div>\n<\/div>\n<\/div>\n\n\n\n<div class=\"wp-block-columns alignwide is-layout-flex wp-container-core-columns-is-layout-08c01c1c wp-block-columns-is-layout-flex\">\n<div class=\"wp-block-column is-vertically-aligned-stretch is-layout-flow wp-container-core-column-is-layout-119bc444 wp-block-column-is-layout-flow\">\n<div class=\"wp-block-media-text is-stacked-on-mobile is-image-fill-element is-style-ext-preset--media-text--natural-1--card-1 has-tertiary-background-color has-background is-style-ext-preset--media-text--natural-1--card-1--6\"><figure class=\"wp-block-media-text__media\"><img loading=\"lazy\" decoding=\"async\" width=\"683\" height=\"1024\" src=\"https:\/\/yeshyo.com\/wp-content\/uploads\/2026\/02\/pexels-wendywei-18115972-683x1024.jpg\" alt=\"\" class=\"wp-image-114 size-full\" style=\"object-position:50% 50%\" srcset=\"https:\/\/yeshyo.com\/wp-content\/uploads\/2026\/02\/pexels-wendywei-18115972-683x1024.jpg 683w, https:\/\/yeshyo.com\/wp-content\/uploads\/2026\/02\/pexels-wendywei-18115972-200x300.jpg 200w, https:\/\/yeshyo.com\/wp-content\/uploads\/2026\/02\/pexels-wendywei-18115972-768x1152.jpg 768w, https:\/\/yeshyo.com\/wp-content\/uploads\/2026\/02\/pexels-wendywei-18115972-1024x1536.jpg 1024w, https:\/\/yeshyo.com\/wp-content\/uploads\/2026\/02\/pexels-wendywei-18115972-1365x2048.jpg 1365w, https:\/\/yeshyo.com\/wp-content\/uploads\/2026\/02\/pexels-wendywei-18115972-8x12.jpg 8w, https:\/\/yeshyo.com\/wp-content\/uploads\/2026\/02\/pexels-wendywei-18115972-scaled.jpg 1707w\" sizes=\"auto, (max-width: 683px) 100vw, 683px\" \/><\/figure><div class=\"wp-block-media-text__content\">\n<div class=\"wp-block-group is-style-default has-global-padding is-layout-constrained wp-container-core-group-is-layout-9a7b35d3 wp-block-group-is-layout-constrained\" style=\"padding-top:var(--wp--preset--spacing--40);padding-right:var(--wp--preset--spacing--30);padding-bottom:var(--wp--preset--spacing--40);padding-left:var(--wp--preset--spacing--30)\">\n<h3 class=\"wp-block-heading\" style=\"font-size:clamp(15.747px, 0.984rem + ((1vw - 3.2px) * 0.86), 24px);\">\u041a\u0443\u043b\u044c\u0442\u0443\u0440\u043d\u044b\u0435 \u0432\u0438\u0437\u0438\u0442\u044b<\/h3>\n\n\n\n<p class=\"has-small-font-size\">D\u00e9couverte de ch\u00e2teaux, mus\u00e9es ou villages typiques des environs.<\/p>\n<\/div>\n<\/div><\/div>\n<\/div>\n\n\n\n<div class=\"wp-block-column is-vertically-aligned-stretch is-layout-flow wp-container-core-column-is-layout-119bc444 wp-block-column-is-layout-flow\">\n<div class=\"wp-block-media-text is-stacked-on-mobile is-image-fill-element is-style-ext-preset--media-text--natural-1--card-1 has-tertiary-background-color has-background is-style-ext-preset--media-text--natural-1--card-1--7\"><figure class=\"wp-block-media-text__media\"><img loading=\"lazy\" decoding=\"async\" width=\"640\" height=\"640\" src=\"https:\/\/yeshyo.com\/wp-content\/uploads\/2026\/02\/f6a7456c-207f-4b07-bbd2-78ad0b3625b5.png\" alt=\"\" class=\"wp-image-393 size-full\" style=\"object-position:50% 50%\" srcset=\"https:\/\/yeshyo.com\/wp-content\/uploads\/2026\/02\/f6a7456c-207f-4b07-bbd2-78ad0b3625b5.png 640w, https:\/\/yeshyo.com\/wp-content\/uploads\/2026\/02\/f6a7456c-207f-4b07-bbd2-78ad0b3625b5-300x300.png 300w, https:\/\/yeshyo.com\/wp-content\/uploads\/2026\/02\/f6a7456c-207f-4b07-bbd2-78ad0b3625b5-150x150.png 150w, https:\/\/yeshyo.com\/wp-content\/uploads\/2026\/02\/f6a7456c-207f-4b07-bbd2-78ad0b3625b5-12x12.png 12w\" sizes=\"auto, (max-width: 640px) 100vw, 640px\" \/><\/figure><div class=\"wp-block-media-text__content\">\n<div class=\"wp-block-group is-style-default has-global-padding is-layout-constrained wp-container-core-group-is-layout-9a7b35d3 wp-block-group-is-layout-constrained\" style=\"padding-top:var(--wp--preset--spacing--40);padding-right:var(--wp--preset--spacing--30);padding-bottom:var(--wp--preset--spacing--40);padding-left:var(--wp--preset--spacing--30)\">\n<h3 class=\"wp-block-heading\" style=\"font-size:clamp(15.747px, 0.984rem + ((1vw - 3.2px) * 0.86), 24px);\">\u0424\u043e\u0442\u043e\u0433\u0440\u0430\u0444<\/h3>\n\n\n\n<p class=\"has-small-font-size\">\u041f\u0440\u043e\u0444\u0435\u0441\u0441\u0438\u043e\u043d\u0430\u043b\u044c\u043d\u044b\u0439 \u0444\u043e\u0442\u043e\u0433\u0440\u0430\u0444 \u0437\u0430\u043f\u0435\u0447\u0430\u0442\u043b\u0438\u0442 \u0441\u0430\u043c\u044b\u0435 \u044f\u0440\u043a\u0438\u0435 \u043c\u043e\u043c\u0435\u043d\u0442\u044b \u0432\u0430\u0448\u0435\u0433\u043e \u043f\u0440\u0435\u0431\u044b\u0432\u0430\u043d\u0438\u044f.<\/p>\n<\/div>\n<\/div><\/div>\n<\/div>\n<\/div>\n\n\n\n<div class=\"wp-block-columns alignwide is-layout-flex wp-container-core-columns-is-layout-967d05ff wp-block-columns-is-layout-flex\" style=\"margin-top:var(--wp--preset--spacing--40)\">\n<div class=\"wp-block-column is-vertically-aligned-stretch is-layout-flow wp-container-core-column-is-layout-119bc444 wp-block-column-is-layout-flow\"><\/div>\n\n\n\n<div class=\"wp-block-column is-vertically-aligned-stretch is-layout-flow wp-container-core-column-is-layout-119bc444 wp-block-column-is-layout-flow\"><\/div>\n<\/div>\n<\/div>","protected":false},"excerpt":{"rendered":"<p>Options disponible pour votre s\u00e9jour D\u00e9j\u00e0 inclus dans l&rsquo;offre PREMIUM Location de v\u00e9lo Mis \u00e0 disposition par nos partenaires locaux Coaching pr\u00e9\/post stage 2 mois de suivi d&rsquo;entra\u00eenement par nos entraineurs agr\u00e9es. Massages et outils de r\u00e9cup\u00e9ration Bottes de compression, pistolet de massage, etc&#8230; Blanchisserie Nettoyage quotidien des v\u00eatements cyclistes et civils. Visites culturelles D\u00e9couverte [&hellip;]<\/p>\n","protected":false},"author":1,"featured_media":0,"parent":0,"menu_order":0,"comment_status":"closed","ping_status":"closed","template":"page-with-title","meta":{"footnotes":""},"class_list":["post-344","page","type-page","status-publish","hentry"],"_links":{"self":[{"href":"https:\/\/yeshyo.com\/ru\/wp-json\/wp\/v2\/pages\/344","targetHints":{"allow":["GET"]}}],"collection":[{"href":"https:\/\/yeshyo.com\/ru\/wp-json\/wp\/v2\/pages"}],"about":[{"href":"https:\/\/yeshyo.com\/ru\/wp-json\/wp\/v2\/types\/page"}],"author":[{"embeddable":true,"href":"https:\/\/yeshyo.com\/ru\/wp-json\/wp\/v2\/users\/1"}],"replies":[{"embeddable":true,"href":"https:\/\/yeshyo.com\/ru\/wp-json\/wp\/v2\/comments?post=344"}],"version-history":[{"count":52,"href":"https:\/\/yeshyo.com\/ru\/wp-json\/wp\/v2\/pages\/344\/revisions"}],"predecessor-version":[{"id":403,"href":"https:\/\/yeshyo.com\/ru\/wp-json\/wp\/v2\/pages\/344\/revisions\/403"}],"wp:attachment":[{"href":"https:\/\/yeshyo.com\/ru\/wp-json\/wp\/v2\/media?parent=344"}],"curies":[{"name":"wp","href":"https:\/\/api.w.org\/{rel}","templated":true}]}}